{"id":16,"date":"2017-05-08T16:54:13","date_gmt":"2017-05-08T16:54:13","guid":{"rendered":"https:\/\/www.infopix.it\/?page_id=16"},"modified":"2018-07-05T12:57:02","modified_gmt":"2018-07-05T12:57:02","slug":"web","status":"publish","type":"page","link":"https:\/\/www.infopix.it\/index.php\/web\/","title":{"rendered":"Web"},"content":{"rendered":"<p>Negli ultimi anni per avere successo con la propria attivit\u00e0, non \u00e8 pi\u00f9 sufficiente dare un buon servizio a prezzi competitivi, ma \u00e8 diventato di primaria importanza puntare alla massima visibilit\u00e0 aziendale, sfruttando tutte le possibilit\u00e0 che il mercato offre ed allargando il proprio bacino di utenza a possibili acquirenti normalmente non raggiungibili dai canali pubblicitari tradizionalmente usati.<\/p>\n<p><img class=\"img-web alignright\"  src=\"https:\/\/www.infopix.it\/wp-content\/themes\/InfopixTheme\/assets\/images\/page-web.jpg\"><\/p>\n<p>Molte aziende, in Italia, hanno scelto di avere un proprio sito web, ma senza comprenderne il reale potenziale di vendita e si sente molto pi\u00f9 spesso parlare di imprenditori che acquistano un sito perch\u00e9 \u00e8 di moda essere su internet.<\/p>\n<p>Sono ancora poche quelle aziende che hanno deciso di puntare sulla rete per trarne dei profitti non solo in modo indiretto, tramite la diffusione pubblicitaria del sito stesso, ma aumentando la propria utenza grazie a questo potente supporto multimediale.<\/p>\n<p>I vantaggi di una corretta valorizzazione del sito internet aziendale sono molti, nel dettaglio permette di :<\/p>\n<ul class=\"padding-leftHardware\">\n<li>Aumentare la propria visibilit\u00e0 attraverso la presenza in rete;<\/li>\n<li>Far conoscere l&#8217;azienda ed il proprio marchio;<\/li>\n<li>Pubblicizzare i proprio prodotti e servizi nel mondo;<\/li>\n<li>Aumentare la propria quota di mercato con nuovi clienti;<\/li>\n<li>Incrementare la capacit\u00e0 di acquisto di ogni singolo cliente;<\/li>\n<li>Creare una struttura di Rivenditori dislocata sul territorio;<\/li>\n<li>Contattare nuovi potenziali Agenti e Rivenditori;<\/li>\n<li>Ricercare nuovo personale;<\/li>\n<li>Ricercare nuovi fornitori;<\/li>\n<li>Ridurre i costi.<\/li>\n<\/ul>\n<p>Possiamo ben dire, quindi, che realizzare un sito web \u00e8 un investimento per l&#8217;azienda.<br \/>\nL&#8217;essere presenti in Internet oggi, garantir\u00e0 un forte e sicuro ritorno economico soprattutto domani, quando il non essere in rete sar\u00e0 sicuramente un irrecuperabile svantaggio. Non sono da trascurare, inoltre, i vantaggi che il consumatore\/utente finale pu\u00f2 trarre dall\u2019 uso di questo supporto telematico.<\/p>\n","protected":false},"excerpt":{"rendered":"<p>Negli ultimi anni per avere successo con la propria attivit\u00e0, non \u00e8 pi\u00f9 sufficiente dare un buon servizio a prezzi competitivi, ma \u00e8 diventato di primaria importanza puntare alla massima visibilit\u00e0 aziendale, sfruttando tutte le possibilit\u00e0 che il mercato offre ed allargando il proprio bacino di utenza a possibili acquirenti normalmente non raggiungibili dai canali &hellip; <\/p>\n<p class=\"link-more\"><a href=\"https:\/\/www.infopix.it\/index.php\/web\/\" class=\"more-link\">Leggi tutto<span class=\"screen-reader-text\"> &#8220;Web&#8221;<\/span><\/a><\/p>\n","protected":false},"author":1,"featured_media":0,"parent":0,"menu_order":0,"comment_status":"closed","ping_status":"closed","template":"","meta":[],"_links":{"self":[{"href":"https:\/\/www.infopix.it\/index.php\/wp-json\/wp\/v2\/pages\/16"}],"collection":[{"href":"https:\/\/www.infopix.it\/index.php\/wp-json\/wp\/v2\/pages"}],"about":[{"href":"https:\/\/www.infopix.it\/index.php\/wp-json\/wp\/v2\/types\/page"}],"author":[{"embeddable":true,"href":"https:\/\/www.infopix.it\/index.php\/wp-json\/wp\/v2\/users\/1"}],"replies":[{"embeddable":true,"href":"https:\/\/www.infopix.it\/index.php\/wp-json\/wp\/v2\/comments?post=16"}],"version-history":[{"count":7,"href":"https:\/\/www.infopix.it\/index.php\/wp-json\/wp\/v2\/pages\/16\/revisions"}],"predecessor-version":[{"id":463,"href":"https:\/\/www.infopix.it\/index.php\/wp-json\/wp\/v2\/pages\/16\/revisions\/463"}],"wp:attachment":[{"href":"https:\/\/www.infopix.it\/index.php\/wp-json\/wp\/v2\/media?parent=16"}],"curies":[{"name":"wp","href":"https:\/\/api.w.org\/{rel}","templated":true}]}}